{"id":1608,"date":"2024-04-03T14:01:47","date_gmt":"2024-04-03T12:01:47","guid":{"rendered":"https:\/\/lireetfairelire49.fr\/?page_id=1608"},"modified":"2024-04-03T14:54:58","modified_gmt":"2024-04-03T12:54:58","slug":"autres-lectures","status":"publish","type":"page","link":"https:\/\/lireetfairelire49.fr\/index.php\/autres-lectures\/","title":{"rendered":"Autres lectures"},"content":{"rendered":"\n\t\t\t<div class=\"wp-block-uagb-post-grid uagb-post-grid  uagb-post__image-position-top uagb-post__image-enabled uagb-block-1196ff93     uagb-post__items uagb-post__columns-3 is-grid uagb-post__columns-tablet-2 uagb-post__columns-mobile-1 uagb-post__equal-height\" data-total=\"1\" style=\"\">\n\n\t\t\t\t\t\t\t\t\t\t\t\t<article class=\"uagb-post__inner-wrap\">\t\t\t\t\t\t\t\t<h4 class=\"uagb-post__title uagb-post__text\">\n\t\t\t\t<a href=\"https:\/\/lireetfairelire49.fr\/index.php\/2024\/04\/06\/noel\/\" target=\"_self\" rel=\"bookmark noopener noreferrer\">NO\u00cbL<\/a>\n\t\t\t<\/h4>\n\t\t\t\t\t\t<div class='uagb-post__text uagb-post-grid-byline'>\n\t\t\t\t\t\t\t\t<time datetime=\"2024-04-06T18:47:13+02:00\" class=\"uagb-post__date\">\n\t\t\t\t<span class=\"dashicons-calendar dashicons\"><\/span>\t\t\t\t\t6 avril 2024\t\t\t\t<\/time>\n\t\t\t\t\t\t\t<span class=\"uagb-post__comment\">\n\t\t\t\t<span class=\"dashicons-admin-comments dashicons\"><\/span>\t\t\t\t\tAucun commentaire\t\t\t\t<\/span>\n\t\t\t\t\t\t<\/div>\n\t\t\t\t\t\t\t<div class='uagb-post__text uagb-post__excerpt'>\n\t\t\t\t\t<p>J&rsquo;ai d&rsquo;mand\u00e9 au p\u00e8re no\u00ebl .. No\u00ebl j&rsquo;ai d&rsquo;mand\u00e9 au P\u00e8re No\u00eblQui se prom\u00e8ne dans&#8230;\t\t\t\t<\/div>\n\t\t\t\t\t\t<div class=\"uagb-post__text uagb-post__cta wp-block-button\">\n\t\t\t\t<a class=\"wp-block-button__link uagb-text-link\" style=\"\" href=\"https:\/\/lireetfairelire49.fr\/index.php\/2024\/04\/06\/noel\/\" target=\"_self\" rel=\"bookmark noopener noreferrer\">Lire la suite<\/a>\n\t\t\t<\/div>\n\t\t\t\n\t\t\t\t\t\t\t\t\t<\/article>\n\t\t\t\t\t\t\t\t\t\t\t\t\t\t\t\t<article class=\"uagb-post__inner-wrap\">\t\t\t\t\t\t\t\t<h4 class=\"uagb-post__title uagb-post__text\">\n\t\t\t\t<a href=\"https:\/\/lireetfairelire49.fr\/index.php\/2024\/03\/23\/pour-dessiner-un-bonhomme\/\" target=\"_self\" rel=\"bookmark noopener noreferrer\">Pour dessiner un bonhomme<\/a>\n\t\t\t<\/h4>\n\t\t\t\t\t\t<div class='uagb-post__text uagb-post-grid-byline'>\n\t\t\t\t\t\t\t\t<time datetime=\"2024-03-23T18:20:58+01:00\" class=\"uagb-post__date\">\n\t\t\t\t<span class=\"dashicons-calendar dashicons\"><\/span>\t\t\t\t\t23 mars 2024\t\t\t\t<\/time>\n\t\t\t\t\t\t\t<span class=\"uagb-post__comment\">\n\t\t\t\t<span class=\"dashicons-admin-comments dashicons\"><\/span>\t\t\t\t\tAucun commentaire\t\t\t\t<\/span>\n\t\t\t\t\t\t<\/div>\n\t\t\t\t\t\t\t<div class='uagb-post__text uagb-post__excerpt'>\n\t\t\t\t\t<p>deux petits ronds dans un grand rond&#8230; Pour dessiner un bonhomme Deux petits ronds dans&#8230;\t\t\t\t<\/div>\n\t\t\t\t\t\t<div class=\"uagb-post__text uagb-post__cta wp-block-button\">\n\t\t\t\t<a class=\"wp-block-button__link uagb-text-link\" style=\"\" href=\"https:\/\/lireetfairelire49.fr\/index.php\/2024\/03\/23\/pour-dessiner-un-bonhomme\/\" target=\"_self\" rel=\"bookmark noopener noreferrer\">Lire la suite<\/a>\n\t\t\t<\/div>\n\t\t\t\n\t\t\t\t\t\t\t\t\t<\/article>\n\t\t\t\t\t\t\t\t\t\t\t\t\t\t\t\t<article class=\"uagb-post__inner-wrap\">\t\t\t\t\t\t\t\t<h4 class=\"uagb-post__title uagb-post__text\">\n\t\t\t\t<a href=\"https:\/\/lireetfairelire49.fr\/index.php\/2024\/03\/11\/la-colere\/\" target=\"_self\" rel=\"bookmark noopener noreferrer\">La col\u00e8re<\/a>\n\t\t\t<\/h4>\n\t\t\t\t\t\t<div class='uagb-post__text uagb-post-grid-byline'>\n\t\t\t\t\t\t\t\t<time datetime=\"2024-03-11T17:21:49+01:00\" class=\"uagb-post__date\">\n\t\t\t\t<span class=\"dashicons-calendar dashicons\"><\/span>\t\t\t\t\t11 mars 2024\t\t\t\t<\/time>\n\t\t\t\t\t\t\t<span class=\"uagb-post__comment\">\n\t\t\t\t<span class=\"dashicons-admin-comments dashicons\"><\/span>\t\t\t\t\tAucun commentaire\t\t\t\t<\/span>\n\t\t\t\t\t\t<\/div>\n\t\t\t\t\t\t\t<div class='uagb-post__text uagb-post__excerpt'>\n\t\t\t\t\t<p>ce matin, j&rsquo;ai mang\u00e9 de la col\u00e8re. La col\u00e8re Ce matin,J\u2019ai mang\u00e9 de la col\u00e8reA&#8230;\t\t\t\t<\/div>\n\t\t\t\t\t\t<div class=\"uagb-post__text uagb-post__cta wp-block-button\">\n\t\t\t\t<a class=\"wp-block-button__link uagb-text-link\" style=\"\" href=\"https:\/\/lireetfairelire49.fr\/index.php\/2024\/03\/11\/la-colere\/\" target=\"_self\" rel=\"bookmark noopener noreferrer\">Lire la suite<\/a>\n\t\t\t<\/div>\n\t\t\t\n\t\t\t\t\t\t\t\t\t<\/article>\n\t\t\t\t\t\t\t\t\t\t\t\t\t\t\t\t<article class=\"uagb-post__inner-wrap\">\t\t\t\t\t\t\t\t<h4 class=\"uagb-post__title uagb-post__text\">\n\t\t\t\t<a href=\"https:\/\/lireetfairelire49.fr\/index.php\/2024\/03\/11\/les-crayons-de-couleurs\/\" target=\"_self\" rel=\"bookmark noopener noreferrer\">Les crayons de couleurs<\/a>\n\t\t\t<\/h4>\n\t\t\t\t\t\t<div class='uagb-post__text uagb-post-grid-byline'>\n\t\t\t\t\t\t\t\t<time datetime=\"2024-03-11T17:17:56+01:00\" class=\"uagb-post__date\">\n\t\t\t\t<span class=\"dashicons-calendar dashicons\"><\/span>\t\t\t\t\t11 mars 2024\t\t\t\t<\/time>\n\t\t\t\t\t\t\t<span class=\"uagb-post__comment\">\n\t\t\t\t<span class=\"dashicons-admin-comments dashicons\"><\/span>\t\t\t\t\tAucun commentaire\t\t\t\t<\/span>\n\t\t\t\t\t\t<\/div>\n\t\t\t\t\t\t\t<div class='uagb-post__text uagb-post__excerpt'>\n\t\t\t\t\t<p>Les crayons de couleurs Mais \u00e0 quoi jouent les crayonsPendant les r\u00e9cr\u00e9ations ?Le rouge dessine&#8230;\t\t\t\t<\/div>\n\t\t\t\t\t\t<div class=\"uagb-post__text uagb-post__cta wp-block-button\">\n\t\t\t\t<a class=\"wp-block-button__link uagb-text-link\" style=\"\" href=\"https:\/\/lireetfairelire49.fr\/index.php\/2024\/03\/11\/les-crayons-de-couleurs\/\" target=\"_self\" rel=\"bookmark noopener noreferrer\">Lire la suite<\/a>\n\t\t\t<\/div>\n\t\t\t\n\t\t\t\t\t\t\t\t\t<\/article>\n\t\t\t\t\t\t\t\t\t\t\t\t\t\t\t\t<article class=\"uagb-post__inner-wrap\">\t\t\t\t\t\t\t\t<h4 class=\"uagb-post__title uagb-post__text\">\n\t\t\t\t<a href=\"https:\/\/lireetfairelire49.fr\/index.php\/2024\/03\/11\/le-bonhomme-de-neige\/\" target=\"_self\" rel=\"bookmark noopener noreferrer\">Le bonhomme de neige<\/a>\n\t\t\t<\/h4>\n\t\t\t\t\t\t<div class='uagb-post__text uagb-post-grid-byline'>\n\t\t\t\t\t\t\t\t<time datetime=\"2024-03-11T17:11:31+01:00\" class=\"uagb-post__date\">\n\t\t\t\t<span class=\"dashicons-calendar dashicons\"><\/span>\t\t\t\t\t11 mars 2024\t\t\t\t<\/time>\n\t\t\t\t\t\t\t<span class=\"uagb-post__comment\">\n\t\t\t\t<span class=\"dashicons-admin-comments dashicons\"><\/span>\t\t\t\t\tAucun commentaire\t\t\t\t<\/span>\n\t\t\t\t\t\t<\/div>\n\t\t\t\t\t\t\t<div class='uagb-post__text uagb-post__excerpt'>\n\t\t\t\t\t<p>Le bonhomme de neige Savez-vous qui est n\u00e9Ce matin dans le pr\u00e9 ?Un bonhomme tout&#8230;\t\t\t\t<\/div>\n\t\t\t\t\t\t<div class=\"uagb-post__text uagb-post__cta wp-block-button\">\n\t\t\t\t<a class=\"wp-block-button__link uagb-text-link\" style=\"\" href=\"https:\/\/lireetfairelire49.fr\/index.php\/2024\/03\/11\/le-bonhomme-de-neige\/\" target=\"_self\" rel=\"bookmark noopener noreferrer\">Lire la suite<\/a>\n\t\t\t<\/div>\n\t\t\t\n\t\t\t\t\t\t\t\t\t<\/article>\n\t\t\t\t\t\t\t\t\t\t\t\t\t\t\t\t<article class=\"uagb-post__inner-wrap\">\t\t\t\t\t\t\t\t<h4 class=\"uagb-post__title uagb-post__text\">\n\t\t\t\t<a href=\"https:\/\/lireetfairelire49.fr\/index.php\/2024\/03\/06\/le-coin-des-poetes\/\" target=\"_self\" rel=\"bookmark noopener noreferrer\">Les petites bulles de savon<\/a>\n\t\t\t<\/h4>\n\t\t\t\t\t\t<div class='uagb-post__text uagb-post-grid-byline'>\n\t\t\t\t\t\t\t\t<time datetime=\"2024-03-06T15:36:16+01:00\" class=\"uagb-post__date\">\n\t\t\t\t<span class=\"dashicons-calendar dashicons\"><\/span>\t\t\t\t\t6 mars 2024\t\t\t\t<\/time>\n\t\t\t\t\t\t\t<span class=\"uagb-post__comment\">\n\t\t\t\t<span class=\"dashicons-admin-comments dashicons\"><\/span>\t\t\t\t\tAucun commentaire\t\t\t\t<\/span>\n\t\t\t\t\t\t<\/div>\n\t\t\t\t\t\t\t<div class='uagb-post__text uagb-post__excerpt'>\n\t\t\t\t\t<p>Les petites bulles de savon Il \u00e9tait une fois 10 bulles10 jolies petites bulles de&#8230;\t\t\t\t<\/div>\n\t\t\t\t\t\t<div class=\"uagb-post__text uagb-post__cta wp-block-button\">\n\t\t\t\t<a class=\"wp-block-button__link uagb-text-link\" style=\"\" href=\"https:\/\/lireetfairelire49.fr\/index.php\/2024\/03\/06\/le-coin-des-poetes\/\" target=\"_self\" rel=\"bookmark noopener noreferrer\">Lire la suite<\/a>\n\t\t\t<\/div>\n\t\t\t\n\t\t\t\t\t\t\t\t\t<\/article>\n\t\t\t\t\t\t\t\t\t\t\t<\/div>\n\t\t\t","protected":false},"excerpt":{"rendered":"","protected":false},"author":2,"featured_media":0,"parent":0,"menu_order":0,"comment_status":"closed","ping_status":"closed","template":"","meta":{"_uag_custom_page_level_css":"","_mc_calendar":[],"footnotes":""},"class_list":["post-1608","page","type-page","status-publish","hentry"],"yoast_head":"<!-- This site is optimized with the Yoast SEO plugin v26.6 - https:\/\/yoast.com\/wordpress\/plugins\/seo\/ -->\n<title>Autres lectures % - Lire et faire Lire Maine et Loire<\/title>\n<meta name=\"robots\" content=\"index, follow, max-snippet:-1, max-image-preview:large, max-video-preview:-1\" \/>\n<link rel=\"canonical\" href=\"https:\/\/lireetfairelire49.fr\/index.php\/autres-lectures\/\" \/>\n<meta property=\"og:locale\" content=\"fr_FR\" \/>\n<meta property=\"og:type\" content=\"article\" \/>\n<meta property=\"og:title\" content=\"Autres lectures % - Lire et faire Lire Maine et Loire\" \/>\n<meta property=\"og:url\" content=\"https:\/\/lireetfairelire49.fr\/index.php\/autres-lectures\/\" \/>\n<meta property=\"og:site_name\" content=\"Lire et faire Lire Maine et Loire\" \/>\n<meta property=\"article:modified_time\" content=\"2024-04-03T12:54:58+00:00\" \/>\n<meta property=\"og:image\" content=\"https:\/\/lireetfairelire49.fr\/wp-content\/uploads\/2024\/04\/cropped-bandeau-final-bb-1-1.png\" \/>\n\t<meta property=\"og:image:width\" content=\"1920\" \/>\n\t<meta property=\"og:image:height\" content=\"499\" \/>\n\t<meta property=\"og:image:type\" content=\"image\/png\" \/>\n<meta name=\"twitter:card\" content=\"summary_large_image\" \/>\n<script type=\"application\/ld+json\" class=\"yoast-schema-graph\">{\"@context\":\"https:\/\/schema.org\",\"@graph\":[{\"@type\":\"WebPage\",\"@id\":\"https:\/\/lireetfairelire49.fr\/index.php\/autres-lectures\/\",\"url\":\"https:\/\/lireetfairelire49.fr\/index.php\/autres-lectures\/\",\"name\":\"Autres lectures % - Lire et faire Lire Maine et Loire\",\"isPartOf\":{\"@id\":\"https:\/\/lireetfairelire49.fr\/#website\"},\"datePublished\":\"2024-04-03T12:01:47+00:00\",\"dateModified\":\"2024-04-03T12:54:58+00:00\",\"breadcrumb\":{\"@id\":\"https:\/\/lireetfairelire49.fr\/index.php\/autres-lectures\/#breadcrumb\"},\"inLanguage\":\"fr-FR\",\"potentialAction\":[{\"@type\":\"ReadAction\",\"target\":[\"https:\/\/lireetfairelire49.fr\/index.php\/autres-lectures\/\"]}]},{\"@type\":\"BreadcrumbList\",\"@id\":\"https:\/\/lireetfairelire49.fr\/index.php\/autres-lectures\/#breadcrumb\",\"itemListElement\":[{\"@type\":\"ListItem\",\"position\":1,\"name\":\"Accueil\",\"item\":\"https:\/\/lireetfairelire49.fr\/\"},{\"@type\":\"ListItem\",\"position\":2,\"name\":\"Autres lectures\"}]},{\"@type\":\"WebSite\",\"@id\":\"https:\/\/lireetfairelire49.fr\/#website\",\"url\":\"https:\/\/lireetfairelire49.fr\/\",\"name\":\"blog Lire et faire Lire Maine et Loire\",\"description\":\"\",\"publisher\":{\"@id\":\"https:\/\/lireetfairelire49.fr\/#organization\"},\"alternateName\":\"Le blog des b\u00e9n\u00e9voles\",\"potentialAction\":[{\"@type\":\"SearchAction\",\"target\":{\"@type\":\"EntryPoint\",\"urlTemplate\":\"https:\/\/lireetfairelire49.fr\/?s={search_term_string}\"},\"query-input\":{\"@type\":\"PropertyValueSpecification\",\"valueRequired\":true,\"valueName\":\"search_term_string\"}}],\"inLanguage\":\"fr-FR\"},{\"@type\":\"Organization\",\"@id\":\"https:\/\/lireetfairelire49.fr\/#organization\",\"name\":\"b\u00e9n\u00e9voles de Lire et faire Lire Maine et Loire\",\"url\":\"https:\/\/lireetfairelire49.fr\/\",\"logo\":{\"@type\":\"ImageObject\",\"inLanguage\":\"fr-FR\",\"@id\":\"https:\/\/lireetfairelire49.fr\/#\/schema\/logo\/image\/\",\"url\":\"https:\/\/lireetfairelire49.fr\/wp-content\/uploads\/2024\/03\/cropped-logo-2016.png\",\"contentUrl\":\"https:\/\/lireetfairelire49.fr\/wp-content\/uploads\/2024\/03\/cropped-logo-2016.png\",\"width\":512,\"height\":512,\"caption\":\"b\u00e9n\u00e9voles de Lire et faire Lire Maine et Loire\"},\"image\":{\"@id\":\"https:\/\/lireetfairelire49.fr\/#\/schema\/logo\/image\/\"}}]}<\/script>\n<!-- \/ Yoast SEO plugin. -->","yoast_head_json":{"title":"Autres lectures % - Lire et faire Lire Maine et Loire","robots":{"index":"index","follow":"follow","max-snippet":"max-snippet:-1","max-image-preview":"max-image-preview:large","max-video-preview":"max-video-preview:-1"},"canonical":"https:\/\/lireetfairelire49.fr\/index.php\/autres-lectures\/","og_locale":"fr_FR","og_type":"article","og_title":"Autres lectures % - Lire et faire Lire Maine et Loire","og_url":"https:\/\/lireetfairelire49.fr\/index.php\/autres-lectures\/","og_site_name":"Lire et faire Lire Maine et Loire","article_modified_time":"2024-04-03T12:54:58+00:00","og_image":[{"width":1920,"height":499,"url":"https:\/\/lireetfairelire49.fr\/wp-content\/uploads\/2024\/04\/cropped-bandeau-final-bb-1-1.png","type":"image\/png"}],"twitter_card":"summary_large_image","schema":{"@context":"https:\/\/schema.org","@graph":[{"@type":"WebPage","@id":"https:\/\/lireetfairelire49.fr\/index.php\/autres-lectures\/","url":"https:\/\/lireetfairelire49.fr\/index.php\/autres-lectures\/","name":"Autres lectures % - Lire et faire Lire Maine et Loire","isPartOf":{"@id":"https:\/\/lireetfairelire49.fr\/#website"},"datePublished":"2024-04-03T12:01:47+00:00","dateModified":"2024-04-03T12:54:58+00:00","breadcrumb":{"@id":"https:\/\/lireetfairelire49.fr\/index.php\/autres-lectures\/#breadcrumb"},"inLanguage":"fr-FR","potentialAction":[{"@type":"ReadAction","target":["https:\/\/lireetfairelire49.fr\/index.php\/autres-lectures\/"]}]},{"@type":"BreadcrumbList","@id":"https:\/\/lireetfairelire49.fr\/index.php\/autres-lectures\/#breadcrumb","itemListElement":[{"@type":"ListItem","position":1,"name":"Accueil","item":"https:\/\/lireetfairelire49.fr\/"},{"@type":"ListItem","position":2,"name":"Autres lectures"}]},{"@type":"WebSite","@id":"https:\/\/lireetfairelire49.fr\/#website","url":"https:\/\/lireetfairelire49.fr\/","name":"blog Lire et faire Lire Maine et Loire","description":"","publisher":{"@id":"https:\/\/lireetfairelire49.fr\/#organization"},"alternateName":"Le blog des b\u00e9n\u00e9voles","potentialAction":[{"@type":"SearchAction","target":{"@type":"EntryPoint","urlTemplate":"https:\/\/lireetfairelire49.fr\/?s={search_term_string}"},"query-input":{"@type":"PropertyValueSpecification","valueRequired":true,"valueName":"search_term_string"}}],"inLanguage":"fr-FR"},{"@type":"Organization","@id":"https:\/\/lireetfairelire49.fr\/#organization","name":"b\u00e9n\u00e9voles de Lire et faire Lire Maine et Loire","url":"https:\/\/lireetfairelire49.fr\/","logo":{"@type":"ImageObject","inLanguage":"fr-FR","@id":"https:\/\/lireetfairelire49.fr\/#\/schema\/logo\/image\/","url":"https:\/\/lireetfairelire49.fr\/wp-content\/uploads\/2024\/03\/cropped-logo-2016.png","contentUrl":"https:\/\/lireetfairelire49.fr\/wp-content\/uploads\/2024\/03\/cropped-logo-2016.png","width":512,"height":512,"caption":"b\u00e9n\u00e9voles de Lire et faire Lire Maine et Loire"},"image":{"@id":"https:\/\/lireetfairelire49.fr\/#\/schema\/logo\/image\/"}}]}},"uagb_featured_image_src":{"full":false,"thumbnail":false,"medium":false,"medium_large":false,"large":false,"1536x1536":false,"2048x2048":false,"bam-large":false,"bam-featured":false,"bam-list":false,"bam-thumb":false,"bam-small":false},"uagb_author_info":{"display_name":"Bernard LAMBERT","author_link":"https:\/\/lireetfairelire49.fr\/index.php\/author\/enthalpie\/"},"uagb_comment_info":0,"uagb_excerpt":null,"_links":{"self":[{"href":"https:\/\/lireetfairelire49.fr\/index.php\/wp-json\/wp\/v2\/pages\/1608","targetHints":{"allow":["GET"]}}],"collection":[{"href":"https:\/\/lireetfairelire49.fr\/index.php\/wp-json\/wp\/v2\/pages"}],"about":[{"href":"https:\/\/lireetfairelire49.fr\/index.php\/wp-json\/wp\/v2\/types\/page"}],"author":[{"embeddable":true,"href":"https:\/\/lireetfairelire49.fr\/index.php\/wp-json\/wp\/v2\/users\/2"}],"replies":[{"embeddable":true,"href":"https:\/\/lireetfairelire49.fr\/index.php\/wp-json\/wp\/v2\/comments?post=1608"}],"version-history":[{"count":3,"href":"https:\/\/lireetfairelire49.fr\/index.php\/wp-json\/wp\/v2\/pages\/1608\/revisions"}],"predecessor-version":[{"id":1896,"href":"https:\/\/lireetfairelire49.fr\/index.php\/wp-json\/wp\/v2\/pages\/1608\/revisions\/1896"}],"wp:attachment":[{"href":"https:\/\/lireetfairelire49.fr\/index.php\/wp-json\/wp\/v2\/media?parent=1608"}],"curies":[{"name":"wp","href":"https:\/\/api.w.org\/{rel}","templated":true}]}}