{"id":21,"date":"2024-02-21T11:08:13","date_gmt":"2024-02-21T10:08:13","guid":{"rendered":"https:\/\/www.arrow-breizh.fr\/lire\/?page_id=21"},"modified":"2024-11-09T12:21:47","modified_gmt":"2024-11-09T11:21:47","slug":"boite-a-idees","status":"publish","type":"page","link":"https:\/\/lireetfairelire49.fr\/index.php\/boite-a-idees\/","title":{"rendered":"Bo\u00eete \u00e0 id\u00e9es"},"content":{"rendered":"\n<p>Bonjour cher b\u00e9n\u00e9vole de lire et faire lire<\/p>\n\n\n\n<p><\/p>\n","protected":false},"excerpt":{"rendered":"<p>Bonjour cher b\u00e9n\u00e9vole de lire et faire lire<\/p>\n","protected":false},"author":2,"featured_media":0,"parent":0,"menu_order":0,"comment_status":"closed","ping_status":"closed","template":"","meta":{"_uag_custom_page_level_css":"","_mc_calendar":[],"footnotes":""},"class_list":["post-21","page","type-page","status-publish","hentry"],"yoast_head":"<!-- This site is optimized with the Yoast SEO plugin v26.6 - https:\/\/yoast.com\/wordpress\/plugins\/seo\/ -->\n<title>Bo\u00eete \u00e0 id\u00e9es % - Lire et faire Lire Maine et Loire<\/title>\n<meta name=\"robots\" content=\"index, follow, max-snippet:-1, max-image-preview:large, max-video-preview:-1\" \/>\n<link rel=\"canonical\" href=\"https:\/\/lireetfairelire49.fr\/index.php\/boite-a-idees\/\" \/>\n<meta property=\"og:locale\" content=\"fr_FR\" \/>\n<meta property=\"og:type\" content=\"article\" \/>\n<meta property=\"og:title\" content=\"Bo\u00eete \u00e0 id\u00e9es % - Lire et faire Lire Maine et Loire\" \/>\n<meta property=\"og:description\" content=\"Bonjour cher b\u00e9n\u00e9vole de lire et faire lire\" \/>\n<meta property=\"og:url\" content=\"https:\/\/lireetfairelire49.fr\/index.php\/boite-a-idees\/\" \/>\n<meta property=\"og:site_name\" content=\"Lire et faire Lire Maine et Loire\" \/>\n<meta property=\"article:modified_time\" content=\"2024-11-09T11:21:47+00:00\" \/>\n<meta property=\"og:image\" content=\"https:\/\/lireetfairelire49.fr\/wp-content\/uploads\/2024\/04\/cropped-bandeau-final-bb-1-1.png\" \/>\n\t<meta property=\"og:image:width\" content=\"1920\" \/>\n\t<meta property=\"og:image:height\" content=\"499\" \/>\n\t<meta property=\"og:image:type\" content=\"image\/png\" \/>\n<meta name=\"twitter:card\" content=\"summary_large_image\" \/>\n<meta name=\"twitter:label1\" content=\"Dur\u00e9e de lecture estim\u00e9e\" \/>\n\t<meta name=\"twitter:data1\" content=\"1 minute\" \/>\n<script type=\"application\/ld+json\" class=\"yoast-schema-graph\">{\"@context\":\"https:\/\/schema.org\",\"@graph\":[{\"@type\":\"WebPage\",\"@id\":\"https:\/\/lireetfairelire49.fr\/index.php\/boite-a-idees\/\",\"url\":\"https:\/\/lireetfairelire49.fr\/index.php\/boite-a-idees\/\",\"name\":\"Bo\u00eete \u00e0 id\u00e9es % - Lire et faire Lire Maine et Loire\",\"isPartOf\":{\"@id\":\"https:\/\/lireetfairelire49.fr\/#website\"},\"datePublished\":\"2024-02-21T10:08:13+00:00\",\"dateModified\":\"2024-11-09T11:21:47+00:00\",\"breadcrumb\":{\"@id\":\"https:\/\/lireetfairelire49.fr\/index.php\/boite-a-idees\/#breadcrumb\"},\"inLanguage\":\"fr-FR\",\"potentialAction\":[{\"@type\":\"ReadAction\",\"target\":[\"https:\/\/lireetfairelire49.fr\/index.php\/boite-a-idees\/\"]}]},{\"@type\":\"BreadcrumbList\",\"@id\":\"https:\/\/lireetfairelire49.fr\/index.php\/boite-a-idees\/#breadcrumb\",\"itemListElement\":[{\"@type\":\"ListItem\",\"position\":1,\"name\":\"Accueil\",\"item\":\"https:\/\/lireetfairelire49.fr\/\"},{\"@type\":\"ListItem\",\"position\":2,\"name\":\"Bo\u00eete \u00e0 id\u00e9es\"}]},{\"@type\":\"WebSite\",\"@id\":\"https:\/\/lireetfairelire49.fr\/#website\",\"url\":\"https:\/\/lireetfairelire49.fr\/\",\"name\":\"blog Lire et faire Lire Maine et Loire\",\"description\":\"\",\"publisher\":{\"@id\":\"https:\/\/lireetfairelire49.fr\/#organization\"},\"alternateName\":\"Le blog des b\u00e9n\u00e9voles\",\"potentialAction\":[{\"@type\":\"SearchAction\",\"target\":{\"@type\":\"EntryPoint\",\"urlTemplate\":\"https:\/\/lireetfairelire49.fr\/?s={search_term_string}\"},\"query-input\":{\"@type\":\"PropertyValueSpecification\",\"valueRequired\":true,\"valueName\":\"search_term_string\"}}],\"inLanguage\":\"fr-FR\"},{\"@type\":\"Organization\",\"@id\":\"https:\/\/lireetfairelire49.fr\/#organization\",\"name\":\"b\u00e9n\u00e9voles de Lire et faire Lire Maine et Loire\",\"url\":\"https:\/\/lireetfairelire49.fr\/\",\"logo\":{\"@type\":\"ImageObject\",\"inLanguage\":\"fr-FR\",\"@id\":\"https:\/\/lireetfairelire49.fr\/#\/schema\/logo\/image\/\",\"url\":\"https:\/\/lireetfairelire49.fr\/wp-content\/uploads\/2024\/03\/cropped-logo-2016.png\",\"contentUrl\":\"https:\/\/lireetfairelire49.fr\/wp-content\/uploads\/2024\/03\/cropped-logo-2016.png\",\"width\":512,\"height\":512,\"caption\":\"b\u00e9n\u00e9voles de Lire et faire Lire Maine et Loire\"},\"image\":{\"@id\":\"https:\/\/lireetfairelire49.fr\/#\/schema\/logo\/image\/\"}}]}<\/script>\n<!-- \/ Yoast SEO plugin. -->","yoast_head_json":{"title":"Bo\u00eete \u00e0 id\u00e9es % - Lire et faire Lire Maine et Loire","robots":{"index":"index","follow":"follow","max-snippet":"max-snippet:-1","max-image-preview":"max-image-preview:large","max-video-preview":"max-video-preview:-1"},"canonical":"https:\/\/lireetfairelire49.fr\/index.php\/boite-a-idees\/","og_locale":"fr_FR","og_type":"article","og_title":"Bo\u00eete \u00e0 id\u00e9es % - Lire et faire Lire Maine et Loire","og_description":"Bonjour cher b\u00e9n\u00e9vole de lire et faire lire","og_url":"https:\/\/lireetfairelire49.fr\/index.php\/boite-a-idees\/","og_site_name":"Lire et faire Lire Maine et Loire","article_modified_time":"2024-11-09T11:21:47+00:00","og_image":[{"width":1920,"height":499,"url":"https:\/\/lireetfairelire49.fr\/wp-content\/uploads\/2024\/04\/cropped-bandeau-final-bb-1-1.png","type":"image\/png"}],"twitter_card":"summary_large_image","twitter_misc":{"Dur\u00e9e de lecture estim\u00e9e":"1 minute"},"schema":{"@context":"https:\/\/schema.org","@graph":[{"@type":"WebPage","@id":"https:\/\/lireetfairelire49.fr\/index.php\/boite-a-idees\/","url":"https:\/\/lireetfairelire49.fr\/index.php\/boite-a-idees\/","name":"Bo\u00eete \u00e0 id\u00e9es % - Lire et faire Lire Maine et Loire","isPartOf":{"@id":"https:\/\/lireetfairelire49.fr\/#website"},"datePublished":"2024-02-21T10:08:13+00:00","dateModified":"2024-11-09T11:21:47+00:00","breadcrumb":{"@id":"https:\/\/lireetfairelire49.fr\/index.php\/boite-a-idees\/#breadcrumb"},"inLanguage":"fr-FR","potentialAction":[{"@type":"ReadAction","target":["https:\/\/lireetfairelire49.fr\/index.php\/boite-a-idees\/"]}]},{"@type":"BreadcrumbList","@id":"https:\/\/lireetfairelire49.fr\/index.php\/boite-a-idees\/#breadcrumb","itemListElement":[{"@type":"ListItem","position":1,"name":"Accueil","item":"https:\/\/lireetfairelire49.fr\/"},{"@type":"ListItem","position":2,"name":"Bo\u00eete \u00e0 id\u00e9es"}]},{"@type":"WebSite","@id":"https:\/\/lireetfairelire49.fr\/#website","url":"https:\/\/lireetfairelire49.fr\/","name":"blog Lire et faire Lire Maine et Loire","description":"","publisher":{"@id":"https:\/\/lireetfairelire49.fr\/#organization"},"alternateName":"Le blog des b\u00e9n\u00e9voles","potentialAction":[{"@type":"SearchAction","target":{"@type":"EntryPoint","urlTemplate":"https:\/\/lireetfairelire49.fr\/?s={search_term_string}"},"query-input":{"@type":"PropertyValueSpecification","valueRequired":true,"valueName":"search_term_string"}}],"inLanguage":"fr-FR"},{"@type":"Organization","@id":"https:\/\/lireetfairelire49.fr\/#organization","name":"b\u00e9n\u00e9voles de Lire et faire Lire Maine et Loire","url":"https:\/\/lireetfairelire49.fr\/","logo":{"@type":"ImageObject","inLanguage":"fr-FR","@id":"https:\/\/lireetfairelire49.fr\/#\/schema\/logo\/image\/","url":"https:\/\/lireetfairelire49.fr\/wp-content\/uploads\/2024\/03\/cropped-logo-2016.png","contentUrl":"https:\/\/lireetfairelire49.fr\/wp-content\/uploads\/2024\/03\/cropped-logo-2016.png","width":512,"height":512,"caption":"b\u00e9n\u00e9voles de Lire et faire Lire Maine et Loire"},"image":{"@id":"https:\/\/lireetfairelire49.fr\/#\/schema\/logo\/image\/"}}]}},"uagb_featured_image_src":{"full":false,"thumbnail":false,"medium":false,"medium_large":false,"large":false,"1536x1536":false,"2048x2048":false,"bam-large":false,"bam-featured":false,"bam-list":false,"bam-thumb":false,"bam-small":false},"uagb_author_info":{"display_name":"Bernard LAMBERT","author_link":"https:\/\/lireetfairelire49.fr\/index.php\/author\/enthalpie\/"},"uagb_comment_info":0,"uagb_excerpt":"Bonjour cher b\u00e9n\u00e9vole de lire et faire lire","_links":{"self":[{"href":"https:\/\/lireetfairelire49.fr\/index.php\/wp-json\/wp\/v2\/pages\/21","targetHints":{"allow":["GET"]}}],"collection":[{"href":"https:\/\/lireetfairelire49.fr\/index.php\/wp-json\/wp\/v2\/pages"}],"about":[{"href":"https:\/\/lireetfairelire49.fr\/index.php\/wp-json\/wp\/v2\/types\/page"}],"author":[{"embeddable":true,"href":"https:\/\/lireetfairelire49.fr\/index.php\/wp-json\/wp\/v2\/users\/2"}],"replies":[{"embeddable":true,"href":"https:\/\/lireetfairelire49.fr\/index.php\/wp-json\/wp\/v2\/comments?post=21"}],"version-history":[{"count":7,"href":"https:\/\/lireetfairelire49.fr\/index.php\/wp-json\/wp\/v2\/pages\/21\/revisions"}],"predecessor-version":[{"id":2284,"href":"https:\/\/lireetfairelire49.fr\/index.php\/wp-json\/wp\/v2\/pages\/21\/revisions\/2284"}],"wp:attachment":[{"href":"https:\/\/lireetfairelire49.fr\/index.php\/wp-json\/wp\/v2\/media?parent=21"}],"curies":[{"name":"wp","href":"https:\/\/api.w.org\/{rel}","templated":true}]}}