{"id":210,"date":"2024-02-25T10:45:59","date_gmt":"2024-02-25T09:45:59","guid":{"rendered":"https:\/\/www.arrow-breizh.fr\/lire\/?page_id=210"},"modified":"2024-03-20T20:28:52","modified_gmt":"2024-03-20T19:28:52","slug":"tutoriel-de-formation-de-notre-structure-nationale","status":"publish","type":"page","link":"https:\/\/lireetfairelire49.fr\/index.php\/tutoriel-de-formation-de-notre-structure-nationale\/","title":{"rendered":"Tutoriels de formation"},"content":{"rendered":"\n<p>Vous trouverez ici les divers vid\u00e9os cr\u00e9es par  Lire et faire lire permettant de se former \u00e0 son rythme<\/p>\n\n\n\n<h2 class=\"wp-block-heading\">Pr\u00e9parer sa s\u00e9ance de lecture<\/h2>\n\n\n\n<p><\/p>\n\n\n\n<figure class=\"wp-block-embed is-type-video is-provider-youtube wp-block-embed-youtube\"><div class=\"wp-block-embed__wrapper\">\n<iframe  id=\"_ytid_84840\"  width=\"825\" height=\"464\"  data-origwidth=\"825\" data-origheight=\"464\" src=\"https:\/\/www.youtube.com\/embed\/nMj14Pi2heg?enablejsapi=1&#038;autoplay=0&#038;cc_load_policy=0&#038;cc_lang_pref=&#038;iv_load_policy=1&#038;loop=0&#038;rel=1&#038;fs=1&#038;playsinline=0&#038;autohide=2&#038;theme=dark&#038;color=red&#038;controls=1&#038;disablekb=0&#038;\" class=\"__youtube_prefs__  epyt-is-override  no-lazyload\" title=\"YouTube player\"  allow=\"fullscreen; accelerometer; autoplay; clipboard-write; encrypted-media; gyroscope; picture-in-picture; web-share\" referrerpolicy=\"strict-origin-when-cross-origin\" allowfullscreen data-no-lazy=\"1\" data-skipgform_ajax_framebjll=\"\"><\/iframe>\n<\/div><\/figure>\n\n\n\n<h2 class=\"wp-block-heading\">choisir ses livres<\/h2>\n\n\n\n<figure class=\"wp-block-embed is-type-video is-provider-youtube wp-block-embed-youtube\"><div class=\"wp-block-embed__wrapper\">\n<iframe  id=\"_ytid_88980\"  width=\"825\" height=\"464\"  data-origwidth=\"825\" data-origheight=\"464\" src=\"https:\/\/www.youtube.com\/embed\/SDjn3uPGOOY?enablejsapi=1&#038;autoplay=0&#038;cc_load_policy=0&#038;cc_lang_pref=&#038;iv_load_policy=1&#038;loop=0&#038;rel=1&#038;fs=1&#038;playsinline=0&#038;autohide=2&#038;theme=dark&#038;color=red&#038;controls=1&#038;disablekb=0&#038;\" class=\"__youtube_prefs__  epyt-is-override  no-lazyload\" title=\"YouTube player\"  allow=\"fullscreen; accelerometer; autoplay; clipboard-write; encrypted-media; gyroscope; picture-in-picture; web-share\" referrerpolicy=\"strict-origin-when-cross-origin\" allowfullscreen data-no-lazy=\"1\" data-skipgform_ajax_framebjll=\"\"><\/iframe>\n<\/div><\/figure>\n\n\n\n<h2 class=\"wp-block-heading\">La lecture \u00e0 haute voix<\/h2>\n\n\n\n<figure class=\"wp-block-embed is-type-video is-provider-youtube wp-block-embed-youtube\"><div class=\"wp-block-embed__wrapper\">\n<iframe  id=\"_ytid_89252\"  width=\"825\" height=\"464\"  data-origwidth=\"825\" data-origheight=\"464\" src=\"https:\/\/www.youtube.com\/embed\/rxfDdsxx9lw?enablejsapi=1&#038;autoplay=0&#038;cc_load_policy=0&#038;cc_lang_pref=&#038;iv_load_policy=1&#038;loop=0&#038;rel=1&#038;fs=1&#038;playsinline=0&#038;autohide=2&#038;theme=dark&#038;color=red&#038;controls=1&#038;disablekb=0&#038;\" class=\"__youtube_prefs__  epyt-is-override  no-lazyload\" title=\"YouTube player\"  allow=\"fullscreen; accelerometer; autoplay; clipboard-write; encrypted-media; gyroscope; picture-in-picture; web-share\" referrerpolicy=\"strict-origin-when-cross-origin\" allowfullscreen data-no-lazy=\"1\" data-skipgform_ajax_framebjll=\"\"><\/iframe>\n<\/div><\/figure>\n\n\n\n<h2 class=\"wp-block-heading\">participer \u00e0 des lectures \u00e9v\u00e9nementielles<\/h2>\n\n\n\n<figure class=\"wp-block-embed is-type-video is-provider-youtube wp-block-embed-youtube\"><div class=\"wp-block-embed__wrapper\">\n<iframe  id=\"_ytid_11907\"  width=\"825\" height=\"464\"  data-origwidth=\"825\" data-origheight=\"464\" src=\"https:\/\/www.youtube.com\/embed\/sybYkzVlXN8?enablejsapi=1&#038;autoplay=0&#038;cc_load_policy=0&#038;cc_lang_pref=&#038;iv_load_policy=1&#038;loop=0&#038;rel=1&#038;fs=1&#038;playsinline=0&#038;autohide=2&#038;theme=dark&#038;color=red&#038;controls=1&#038;disablekb=0&#038;\" class=\"__youtube_prefs__  epyt-is-override  no-lazyload\" title=\"YouTube player\"  allow=\"fullscreen; accelerometer; autoplay; clipboard-write; encrypted-media; gyroscope; picture-in-picture; web-share\" referrerpolicy=\"strict-origin-when-cross-origin\" allowfullscreen data-no-lazy=\"1\" data-skipgform_ajax_framebjll=\"\"><\/iframe>\n<\/div><\/figure>\n\n\n\n<figure class=\"wp-block-embed is-type-video is-provider-youtube wp-block-embed-youtube\"><div class=\"wp-block-embed__wrapper\">\n<iframe  id=\"_ytid_56934\"  width=\"825\" height=\"464\"  data-origwidth=\"825\" data-origheight=\"464\" src=\"https:\/\/www.youtube.com\/embed\/8fmQmz_R0x8?enablejsapi=1&#038;autoplay=0&#038;cc_load_policy=0&#038;cc_lang_pref=&#038;iv_load_policy=1&#038;loop=0&#038;rel=1&#038;fs=1&#038;playsinline=0&#038;autohide=2&#038;theme=dark&#038;color=red&#038;controls=1&#038;disablekb=0&#038;\" class=\"__youtube_prefs__  epyt-is-override  no-lazyload\" title=\"YouTube player\"  allow=\"fullscreen; accelerometer; autoplay; clipboard-write; encrypted-media; gyroscope; picture-in-picture; web-share\" referrerpolicy=\"strict-origin-when-cross-origin\" allowfullscreen data-no-lazy=\"1\" data-skipgform_ajax_framebjll=\"\"><\/iframe>\n<\/div><\/figure>\n\n\n\n<figure class=\"wp-block-embed is-type-video is-provider-youtube wp-block-embed-youtube\"><div class=\"wp-block-embed__wrapper\">\n<iframe  id=\"_ytid_32617\"  width=\"825\" height=\"464\"  data-origwidth=\"825\" data-origheight=\"464\" src=\"https:\/\/www.youtube.com\/embed\/LJ-0i_yMiwU?enablejsapi=1&#038;autoplay=0&#038;cc_load_policy=0&#038;cc_lang_pref=&#038;iv_load_policy=1&#038;loop=0&#038;rel=1&#038;fs=1&#038;playsinline=0&#038;autohide=2&#038;theme=dark&#038;color=red&#038;controls=1&#038;disablekb=0&#038;\" class=\"__youtube_prefs__  epyt-is-override  no-lazyload\" title=\"YouTube player\"  allow=\"fullscreen; accelerometer; autoplay; clipboard-write; encrypted-media; gyroscope; picture-in-picture; web-share\" referrerpolicy=\"strict-origin-when-cross-origin\" allowfullscreen data-no-lazy=\"1\" data-skipgform_ajax_framebjll=\"\"><\/iframe>\n<\/div><\/figure>\n\n\n\n<figure class=\"wp-block-embed is-type-video is-provider-youtube wp-block-embed-youtube\"><div class=\"wp-block-embed__wrapper\">\n<iframe  id=\"_ytid_66534\"  width=\"825\" height=\"464\"  data-origwidth=\"825\" data-origheight=\"464\" src=\"https:\/\/www.youtube.com\/embed\/XCll7LjFCLo?enablejsapi=1&#038;autoplay=0&#038;cc_load_policy=0&#038;cc_lang_pref=&#038;iv_load_policy=1&#038;loop=0&#038;rel=1&#038;fs=1&#038;playsinline=0&#038;autohide=2&#038;theme=dark&#038;color=red&#038;controls=1&#038;disablekb=0&#038;\" class=\"__youtube_prefs__  epyt-is-override  no-lazyload\" title=\"YouTube player\"  allow=\"fullscreen; accelerometer; autoplay; clipboard-write; encrypted-media; gyroscope; picture-in-picture; web-share\" referrerpolicy=\"strict-origin-when-cross-origin\" allowfullscreen data-no-lazy=\"1\" data-skipgform_ajax_framebjll=\"\"><\/iframe>\n<\/div><\/figure>\n\n\n\n<figure class=\"wp-block-embed is-type-video is-provider-youtube wp-block-embed-youtube wp-embed-aspect-16-9 wp-has-aspect-ratio\"><div class=\"wp-block-embed__wrapper\">\n<iframe  id=\"_ytid_29418\"  width=\"825\" height=\"464\"  data-origwidth=\"825\" data-origheight=\"464\" src=\"https:\/\/www.youtube.com\/embed\/GMi5874O_nQ?enablejsapi=1&#038;autoplay=0&#038;cc_load_policy=0&#038;cc_lang_pref=&#038;iv_load_policy=1&#038;loop=0&#038;rel=1&#038;fs=1&#038;playsinline=0&#038;autohide=2&#038;theme=dark&#038;color=red&#038;controls=1&#038;disablekb=0&#038;\" class=\"__youtube_prefs__  epyt-is-override  no-lazyload\" title=\"YouTube player\"  allow=\"fullscreen; accelerometer; autoplay; clipboard-write; encrypted-media; gyroscope; picture-in-picture; web-share\" referrerpolicy=\"strict-origin-when-cross-origin\" allowfullscreen data-no-lazy=\"1\" data-skipgform_ajax_framebjll=\"\"><\/iframe>\n<\/div><\/figure>\n\n\n\n<figure class=\"wp-block-embed is-type-video is-provider-youtube wp-block-embed-youtube\"><div class=\"wp-block-embed__wrapper\">\n<iframe  id=\"_ytid_61050\"  width=\"825\" height=\"464\"  data-origwidth=\"825\" data-origheight=\"464\" src=\"https:\/\/www.youtube.com\/embed\/aHdOXiXDadE?enablejsapi=1&#038;autoplay=0&#038;cc_load_policy=0&#038;cc_lang_pref=&#038;iv_load_policy=1&#038;loop=0&#038;rel=1&#038;fs=1&#038;playsinline=0&#038;autohide=2&#038;theme=dark&#038;color=red&#038;controls=1&#038;disablekb=0&#038;\" class=\"__youtube_prefs__  epyt-is-override  no-lazyload\" title=\"YouTube player\"  allow=\"fullscreen; accelerometer; autoplay; clipboard-write; encrypted-media; gyroscope; picture-in-picture; web-share\" referrerpolicy=\"strict-origin-when-cross-origin\" allowfullscreen data-no-lazy=\"1\" data-skipgform_ajax_framebjll=\"\"><\/iframe>\n<\/div><\/figure>\n","protected":false},"excerpt":{"rendered":"<p>Vous trouverez ici les divers vid\u00e9os cr\u00e9es par Lire et faire lire permettant de se former \u00e0 son rythme Pr\u00e9parer sa s\u00e9ance de lecture choisir ses livres La lecture \u00e0 haute voix participer \u00e0 des lectures \u00e9v\u00e9nementielles<\/p>\n","protected":false},"author":2,"featured_media":0,"parent":0,"menu_order":0,"comment_status":"closed","ping_status":"closed","template":"","meta":{"_uag_custom_page_level_css":"","_mc_calendar":[],"footnotes":""},"class_list":["post-210","page","type-page","status-publish","hentry"],"yoast_head":"<!-- This site is optimized with the Yoast SEO plugin v26.6 - https:\/\/yoast.com\/wordpress\/plugins\/seo\/ -->\n<title>Tutoriels de formation % - Lire et faire Lire Maine et Loire<\/title>\n<meta name=\"robots\" content=\"index, follow, max-snippet:-1, max-image-preview:large, max-video-preview:-1\" \/>\n<link rel=\"canonical\" href=\"https:\/\/lireetfairelire49.fr\/index.php\/tutoriel-de-formation-de-notre-structure-nationale\/\" \/>\n<meta property=\"og:locale\" content=\"fr_FR\" \/>\n<meta property=\"og:type\" content=\"article\" \/>\n<meta property=\"og:title\" content=\"Tutoriels de formation % - Lire et faire Lire Maine et Loire\" \/>\n<meta property=\"og:description\" content=\"Vous trouverez ici les divers vid\u00e9os cr\u00e9es par Lire et faire lire permettant de se former \u00e0 son rythme Pr\u00e9parer sa s\u00e9ance de lecture choisir ses livres La lecture \u00e0 haute voix participer \u00e0 des lectures \u00e9v\u00e9nementielles\" \/>\n<meta property=\"og:url\" content=\"https:\/\/lireetfairelire49.fr\/index.php\/tutoriel-de-formation-de-notre-structure-nationale\/\" \/>\n<meta property=\"og:site_name\" content=\"Lire et faire Lire Maine et Loire\" \/>\n<meta property=\"article:modified_time\" content=\"2024-03-20T19:28:52+00:00\" \/>\n<meta property=\"og:image\" content=\"https:\/\/lireetfairelire49.fr\/wp-content\/uploads\/2024\/04\/cropped-bandeau-final-bb-1-1.png\" \/>\n\t<meta property=\"og:image:width\" content=\"1920\" \/>\n\t<meta property=\"og:image:height\" content=\"499\" \/>\n\t<meta property=\"og:image:type\" content=\"image\/png\" \/>\n<meta name=\"twitter:card\" content=\"summary_large_image\" \/>\n<meta name=\"twitter:label1\" content=\"Dur\u00e9e de lecture estim\u00e9e\" \/>\n\t<meta name=\"twitter:data1\" content=\"1 minute\" \/>\n<script type=\"application\/ld+json\" class=\"yoast-schema-graph\">{\"@context\":\"https:\/\/schema.org\",\"@graph\":[{\"@type\":\"WebPage\",\"@id\":\"https:\/\/lireetfairelire49.fr\/index.php\/tutoriel-de-formation-de-notre-structure-nationale\/\",\"url\":\"https:\/\/lireetfairelire49.fr\/index.php\/tutoriel-de-formation-de-notre-structure-nationale\/\",\"name\":\"Tutoriels de formation % - Lire et faire Lire Maine et Loire\",\"isPartOf\":{\"@id\":\"https:\/\/lireetfairelire49.fr\/#website\"},\"datePublished\":\"2024-02-25T09:45:59+00:00\",\"dateModified\":\"2024-03-20T19:28:52+00:00\",\"breadcrumb\":{\"@id\":\"https:\/\/lireetfairelire49.fr\/index.php\/tutoriel-de-formation-de-notre-structure-nationale\/#breadcrumb\"},\"inLanguage\":\"fr-FR\",\"potentialAction\":[{\"@type\":\"ReadAction\",\"target\":[\"https:\/\/lireetfairelire49.fr\/index.php\/tutoriel-de-formation-de-notre-structure-nationale\/\"]}]},{\"@type\":\"BreadcrumbList\",\"@id\":\"https:\/\/lireetfairelire49.fr\/index.php\/tutoriel-de-formation-de-notre-structure-nationale\/#breadcrumb\",\"itemListElement\":[{\"@type\":\"ListItem\",\"position\":1,\"name\":\"Accueil\",\"item\":\"https:\/\/lireetfairelire49.fr\/\"},{\"@type\":\"ListItem\",\"position\":2,\"name\":\"Tutoriels de formation\"}]},{\"@type\":\"WebSite\",\"@id\":\"https:\/\/lireetfairelire49.fr\/#website\",\"url\":\"https:\/\/lireetfairelire49.fr\/\",\"name\":\"blog Lire et faire Lire Maine et Loire\",\"description\":\"\",\"publisher\":{\"@id\":\"https:\/\/lireetfairelire49.fr\/#organization\"},\"alternateName\":\"Le blog des b\u00e9n\u00e9voles\",\"potentialAction\":[{\"@type\":\"SearchAction\",\"target\":{\"@type\":\"EntryPoint\",\"urlTemplate\":\"https:\/\/lireetfairelire49.fr\/?s={search_term_string}\"},\"query-input\":{\"@type\":\"PropertyValueSpecification\",\"valueRequired\":true,\"valueName\":\"search_term_string\"}}],\"inLanguage\":\"fr-FR\"},{\"@type\":\"Organization\",\"@id\":\"https:\/\/lireetfairelire49.fr\/#organization\",\"name\":\"b\u00e9n\u00e9voles de Lire et faire Lire Maine et Loire\",\"url\":\"https:\/\/lireetfairelire49.fr\/\",\"logo\":{\"@type\":\"ImageObject\",\"inLanguage\":\"fr-FR\",\"@id\":\"https:\/\/lireetfairelire49.fr\/#\/schema\/logo\/image\/\",\"url\":\"https:\/\/lireetfairelire49.fr\/wp-content\/uploads\/2024\/03\/cropped-logo-2016.png\",\"contentUrl\":\"https:\/\/lireetfairelire49.fr\/wp-content\/uploads\/2024\/03\/cropped-logo-2016.png\",\"width\":512,\"height\":512,\"caption\":\"b\u00e9n\u00e9voles de Lire et faire Lire Maine et Loire\"},\"image\":{\"@id\":\"https:\/\/lireetfairelire49.fr\/#\/schema\/logo\/image\/\"}}]}<\/script>\n<!-- \/ Yoast SEO plugin. -->","yoast_head_json":{"title":"Tutoriels de formation % - Lire et faire Lire Maine et Loire","robots":{"index":"index","follow":"follow","max-snippet":"max-snippet:-1","max-image-preview":"max-image-preview:large","max-video-preview":"max-video-preview:-1"},"canonical":"https:\/\/lireetfairelire49.fr\/index.php\/tutoriel-de-formation-de-notre-structure-nationale\/","og_locale":"fr_FR","og_type":"article","og_title":"Tutoriels de formation % - Lire et faire Lire Maine et Loire","og_description":"Vous trouverez ici les divers vid\u00e9os cr\u00e9es par Lire et faire lire permettant de se former \u00e0 son rythme Pr\u00e9parer sa s\u00e9ance de lecture choisir ses livres La lecture \u00e0 haute voix participer \u00e0 des lectures \u00e9v\u00e9nementielles","og_url":"https:\/\/lireetfairelire49.fr\/index.php\/tutoriel-de-formation-de-notre-structure-nationale\/","og_site_name":"Lire et faire Lire Maine et Loire","article_modified_time":"2024-03-20T19:28:52+00:00","og_image":[{"width":1920,"height":499,"url":"https:\/\/lireetfairelire49.fr\/wp-content\/uploads\/2024\/04\/cropped-bandeau-final-bb-1-1.png","type":"image\/png"}],"twitter_card":"summary_large_image","twitter_misc":{"Dur\u00e9e de lecture estim\u00e9e":"1 minute"},"schema":{"@context":"https:\/\/schema.org","@graph":[{"@type":"WebPage","@id":"https:\/\/lireetfairelire49.fr\/index.php\/tutoriel-de-formation-de-notre-structure-nationale\/","url":"https:\/\/lireetfairelire49.fr\/index.php\/tutoriel-de-formation-de-notre-structure-nationale\/","name":"Tutoriels de formation % - Lire et faire Lire Maine et Loire","isPartOf":{"@id":"https:\/\/lireetfairelire49.fr\/#website"},"datePublished":"2024-02-25T09:45:59+00:00","dateModified":"2024-03-20T19:28:52+00:00","breadcrumb":{"@id":"https:\/\/lireetfairelire49.fr\/index.php\/tutoriel-de-formation-de-notre-structure-nationale\/#breadcrumb"},"inLanguage":"fr-FR","potentialAction":[{"@type":"ReadAction","target":["https:\/\/lireetfairelire49.fr\/index.php\/tutoriel-de-formation-de-notre-structure-nationale\/"]}]},{"@type":"BreadcrumbList","@id":"https:\/\/lireetfairelire49.fr\/index.php\/tutoriel-de-formation-de-notre-structure-nationale\/#breadcrumb","itemListElement":[{"@type":"ListItem","position":1,"name":"Accueil","item":"https:\/\/lireetfairelire49.fr\/"},{"@type":"ListItem","position":2,"name":"Tutoriels de formation"}]},{"@type":"WebSite","@id":"https:\/\/lireetfairelire49.fr\/#website","url":"https:\/\/lireetfairelire49.fr\/","name":"blog Lire et faire Lire Maine et Loire","description":"","publisher":{"@id":"https:\/\/lireetfairelire49.fr\/#organization"},"alternateName":"Le blog des b\u00e9n\u00e9voles","potentialAction":[{"@type":"SearchAction","target":{"@type":"EntryPoint","urlTemplate":"https:\/\/lireetfairelire49.fr\/?s={search_term_string}"},"query-input":{"@type":"PropertyValueSpecification","valueRequired":true,"valueName":"search_term_string"}}],"inLanguage":"fr-FR"},{"@type":"Organization","@id":"https:\/\/lireetfairelire49.fr\/#organization","name":"b\u00e9n\u00e9voles de Lire et faire Lire Maine et Loire","url":"https:\/\/lireetfairelire49.fr\/","logo":{"@type":"ImageObject","inLanguage":"fr-FR","@id":"https:\/\/lireetfairelire49.fr\/#\/schema\/logo\/image\/","url":"https:\/\/lireetfairelire49.fr\/wp-content\/uploads\/2024\/03\/cropped-logo-2016.png","contentUrl":"https:\/\/lireetfairelire49.fr\/wp-content\/uploads\/2024\/03\/cropped-logo-2016.png","width":512,"height":512,"caption":"b\u00e9n\u00e9voles de Lire et faire Lire Maine et Loire"},"image":{"@id":"https:\/\/lireetfairelire49.fr\/#\/schema\/logo\/image\/"}}]}},"uagb_featured_image_src":{"full":false,"thumbnail":false,"medium":false,"medium_large":false,"large":false,"1536x1536":false,"2048x2048":false,"bam-large":false,"bam-featured":false,"bam-list":false,"bam-thumb":false,"bam-small":false},"uagb_author_info":{"display_name":"Bernard LAMBERT","author_link":"https:\/\/lireetfairelire49.fr\/index.php\/author\/enthalpie\/"},"uagb_comment_info":0,"uagb_excerpt":"Vous trouverez ici les divers vid\u00e9os cr\u00e9es par Lire et faire lire permettant de se former \u00e0 son rythme Pr\u00e9parer sa s\u00e9ance de lecture choisir ses livres La lecture \u00e0 haute voix participer \u00e0 des lectures \u00e9v\u00e9nementielles","_links":{"self":[{"href":"https:\/\/lireetfairelire49.fr\/index.php\/wp-json\/wp\/v2\/pages\/210","targetHints":{"allow":["GET"]}}],"collection":[{"href":"https:\/\/lireetfairelire49.fr\/index.php\/wp-json\/wp\/v2\/pages"}],"about":[{"href":"https:\/\/lireetfairelire49.fr\/index.php\/wp-json\/wp\/v2\/types\/page"}],"author":[{"embeddable":true,"href":"https:\/\/lireetfairelire49.fr\/index.php\/wp-json\/wp\/v2\/users\/2"}],"replies":[{"embeddable":true,"href":"https:\/\/lireetfairelire49.fr\/index.php\/wp-json\/wp\/v2\/comments?post=210"}],"version-history":[{"count":8,"href":"https:\/\/lireetfairelire49.fr\/index.php\/wp-json\/wp\/v2\/pages\/210\/revisions"}],"predecessor-version":[{"id":1223,"href":"https:\/\/lireetfairelire49.fr\/index.php\/wp-json\/wp\/v2\/pages\/210\/revisions\/1223"}],"wp:attachment":[{"href":"https:\/\/lireetfairelire49.fr\/index.php\/wp-json\/wp\/v2\/media?parent=210"}],"curies":[{"name":"wp","href":"https:\/\/api.w.org\/{rel}","templated":true}]}}